{"id":172,"date":"2021-06-07T11:45:36","date_gmt":"2021-06-07T09:45:36","guid":{"rendered":"http:\/\/williamkorso.com\/?page_id=172"},"modified":"2021-10-17T15:08:38","modified_gmt":"2021-10-17T13:08:38","slug":"vitrines","status":"publish","type":"page","link":"https:\/\/williamkorso.com\/index.php\/vitrines\/","title":{"rendered":"Sc\u00e9nographie"},"content":{"rendered":"\t\t<div data-elementor-type=\"wp-page\" data-elementor-id=\"172\" class=\"elementor elementor-172\" data-elementor-settings=\"[]\">\n\t\t\t\t\t\t\t<div class=\"elementor-section-wrap\">\n\t\t\t\t\t\t\t<section class=\"elementor-section elementor-top-section elementor-element elementor-element-52c69e2 elementor-section-boxed elementor-section-height-default elementor-section-height-default\" data-id=\"52c69e2\" data-element_type=\"section\" data-settings=\"{&quot;_ha_eqh_enable&quot;:false}\">\n\t\t\t\t\t\t<div class=\"elementor-container elementor-column-gap-default\">\n\t\t\t\t\t<div class=\"elementor-column elementor-col-100 elementor-top-column elementor-element elementor-element-f8f6a97\" data-id=\"f8f6a97\" data-element_type=\"column\">\n\t\t\t<div class=\"elementor-widget-wrap elementor-element-populated\">\n\t\t\t\t\t\t\t\t<div class=\"elementor-element elementor-element-9572027 elementor-widget elementor-widget-heading\" data-id=\"9572027\" data-element_type=\"widget\" data-widget_type=\"heading.default\">\n\t\t\t\t<div class=\"elementor-widget-container\">\n\t\t\t<h2 class=\"elementor-heading-title elementor-size-default\">Sc\u00e9nographie<\/h2>\t\t<\/div>\n\t\t\t\t<\/div>\n\t\t\t\t\t<\/div>\n\t\t<\/div>\n\t\t\t\t\t\t\t<\/div>\n\t\t<\/section>\n\t\t\t\t<section class=\"elementor-section elementor-top-section elementor-element elementor-element-78d6f3f elementor-section-boxed elementor-section-height-default elementor-section-height-default\" data-id=\"78d6f3f\" data-element_type=\"section\" data-settings=\"{&quot;_ha_eqh_enable&quot;:false}\">\n\t\t\t\t\t\t<div class=\"elementor-container elementor-column-gap-default\">\n\t\t\t\t\t<div class=\"elementor-column elementor-col-100 elementor-top-column elementor-element elementor-element-8c61c5b\" data-id=\"8c61c5b\" data-element_type=\"column\">\n\t\t\t<div class=\"elementor-widget-wrap elementor-element-populated\">\n\t\t\t\t\t\t\t\t<div class=\"elementor-element elementor-element-96b396c elementor-widget elementor-widget-ha-justified-gallery happy-addon ha-justified-gallery\" data-id=\"96b396c\" data-element_type=\"widget\" data-settings=\"{&quot;row_height&quot;:{&quot;unit&quot;:&quot;px&quot;,&quot;size&quot;:150,&quot;sizes&quot;:[]},&quot;margins&quot;:{&quot;unit&quot;:&quot;px&quot;,&quot;size&quot;:10,&quot;sizes&quot;:[]},&quot;last_row&quot;:&quot;justify&quot;,&quot;enable_popup&quot;:&quot;yes&quot;}\" data-widget_type=\"ha-justified-gallery.default\">\n\t\t\t\t<div class=\"elementor-widget-container\">\n\t\t\t\n\t\t<div class=\"ha-justified-grid__wrap hajs-justified-grid\">\n\t\t\t\t\t\t\t<a href=\"#\" data-mfp-src=\"https:\/\/williamkorso.com\/wp-content\/uploads\/2021\/08\/HENRY-COTTONS-2.jpg\" class=\"ha-justified-grid__item ha-js-lightbox __fltr-1\" title=\"\">\n\t\t\t\t\t<img width=\"584\" height=\"688\" src=\"https:\/\/williamkorso.com\/wp-content\/uploads\/2021\/08\/HENRY-COTTONS-2.jpg\" class=\"elementor-animation-grow\" alt=\"\" loading=\"lazy\" srcset=\"https:\/\/williamkorso.com\/wp-content\/uploads\/2021\/08\/HENRY-COTTONS-2.jpg 584w, https:\/\/williamkorso.com\/wp-content\/uploads\/2021\/08\/HENRY-COTTONS-2-255x300.jpg 255w\" sizes=\"(max-width: 584px) 100vw, 584px\" \/>\t\t\t\t<\/a>\n\t\t\t\t\t\t\t<a href=\"#\" data-mfp-src=\"https:\/\/williamkorso.com\/wp-content\/uploads\/2021\/08\/07.jpg\" class=\"ha-justified-grid__item ha-js-lightbox __fltr-1\" title=\"\">\n\t\t\t\t\t<img width=\"425\" height=\"567\" src=\"https:\/\/williamkorso.com\/wp-content\/uploads\/2021\/08\/07.jpg\" class=\"elementor-animation-grow\" alt=\"\" loading=\"lazy\" srcset=\"https:\/\/williamkorso.com\/wp-content\/uploads\/2021\/08\/07.jpg 425w, https:\/\/williamkorso.com\/wp-content\/uploads\/2021\/08\/07-225x300.jpg 225w\" sizes=\"(max-width: 425px) 100vw, 425px\" \/>\t\t\t\t<\/a>\n\t\t\t\t\t\t\t<a href=\"#\" data-mfp-src=\"https:\/\/williamkorso.com\/wp-content\/uploads\/2021\/08\/24.jpg\" class=\"ha-justified-grid__item ha-js-lightbox __fltr-1\" title=\"\">\n\t\t\t\t\t<img width=\"604\" height=\"453\" src=\"https:\/\/williamkorso.com\/wp-content\/uploads\/2021\/08\/24.jpg\" class=\"elementor-animation-grow\" alt=\"\" loading=\"lazy\" srcset=\"https:\/\/williamkorso.com\/wp-content\/uploads\/2021\/08\/24.jpg 604w, https:\/\/williamkorso.com\/wp-content\/uploads\/2021\/08\/24-300x225.jpg 300w\" sizes=\"(max-width: 604px) 100vw, 604px\" \/>\t\t\t\t<\/a>\n\t\t\t\t\t\t\t<a href=\"#\" data-mfp-src=\"https:\/\/williamkorso.com\/wp-content\/uploads\/2021\/08\/VITRINE-10.jpg\" class=\"ha-justified-grid__item ha-js-lightbox __fltr-1\" title=\"\">\n\t\t\t\t\t<img width=\"640\" height=\"480\" src=\"https:\/\/williamkorso.com\/wp-content\/uploads\/2021\/08\/VITRINE-10.jpg\" class=\"elementor-animation-grow\" alt=\"\" loading=\"lazy\" srcset=\"https:\/\/williamkorso.com\/wp-content\/uploads\/2021\/08\/VITRINE-10.jpg 640w, https:\/\/williamkorso.com\/wp-content\/uploads\/2021\/08\/VITRINE-10-300x225.jpg 300w\" sizes=\"(max-width: 640px) 100vw, 640px\" \/>\t\t\t\t<\/a>\n\t\t\t\t\t\t\t<a href=\"#\" data-mfp-src=\"https:\/\/williamkorso.com\/wp-content\/uploads\/2021\/08\/DSCN0170-1024x768.jpg\" class=\"ha-justified-grid__item ha-js-lightbox __fltr-1\" title=\"\">\n\t\t\t\t\t<img width=\"768\" height=\"576\" src=\"https:\/\/williamkorso.com\/wp-content\/uploads\/2021\/08\/DSCN0170-768x576.jpg\" class=\"elementor-animation-grow\" alt=\"\" loading=\"lazy\" srcset=\"https:\/\/williamkorso.com\/wp-content\/uploads\/2021\/08\/DSCN0170-768x576.jpg 768w, https:\/\/williamkorso.com\/wp-content\/uploads\/2021\/08\/DSCN0170-300x225.jpg 300w, https:\/\/williamkorso.com\/wp-content\/uploads\/2021\/08\/DSCN0170-1024x768.jpg 1024w, https:\/\/williamkorso.com\/wp-content\/uploads\/2021\/08\/DSCN0170-1536x1152.jpg 1536w, https:\/\/williamkorso.com\/wp-content\/uploads\/2021\/08\/DSCN0170-2048x1536.jpg 2048w\" sizes=\"(max-width: 768px) 100vw, 768px\" \/>\t\t\t\t<\/a>\n\t\t\t\t\t\t\t<a href=\"#\" data-mfp-src=\"https:\/\/williamkorso.com\/wp-content\/uploads\/2021\/08\/LOEWE-FEMME.jpg\" class=\"ha-justified-grid__item ha-js-lightbox __fltr-1\" title=\"\">\n\t\t\t\t\t<img width=\"768\" height=\"659\" src=\"https:\/\/williamkorso.com\/wp-content\/uploads\/2021\/08\/LOEWE-FEMME-768x659.jpg\" class=\"elementor-animation-grow\" alt=\"\" loading=\"lazy\" srcset=\"https:\/\/williamkorso.com\/wp-content\/uploads\/2021\/08\/LOEWE-FEMME-768x659.jpg 768w, https:\/\/williamkorso.com\/wp-content\/uploads\/2021\/08\/LOEWE-FEMME-300x257.jpg 300w, https:\/\/williamkorso.com\/wp-content\/uploads\/2021\/08\/LOEWE-FEMME.jpg 782w\" sizes=\"(max-width: 768px) 100vw, 768px\" \/>\t\t\t\t<\/a>\n\t\t\t\t\t\t\t<a href=\"#\" data-mfp-src=\"https:\/\/williamkorso.com\/wp-content\/uploads\/2021\/08\/LONGCHAMP-20-1024x768.jpg\" class=\"ha-justified-grid__item ha-js-lightbox __fltr-1\" title=\"\">\n\t\t\t\t\t<img width=\"768\" height=\"576\" src=\"https:\/\/williamkorso.com\/wp-content\/uploads\/2021\/08\/LONGCHAMP-20-768x576.jpg\" class=\"elementor-animation-grow\" alt=\"\" loading=\"lazy\" srcset=\"https:\/\/williamkorso.com\/wp-content\/uploads\/2021\/08\/LONGCHAMP-20-768x576.jpg 768w, https:\/\/williamkorso.com\/wp-content\/uploads\/2021\/08\/LONGCHAMP-20-300x225.jpg 300w, https:\/\/williamkorso.com\/wp-content\/uploads\/2021\/08\/LONGCHAMP-20-1024x768.jpg 1024w, https:\/\/williamkorso.com\/wp-content\/uploads\/2021\/08\/LONGCHAMP-20-1536x1152.jpg 1536w, https:\/\/williamkorso.com\/wp-content\/uploads\/2021\/08\/LONGCHAMP-20-2048x1536.jpg 2048w\" sizes=\"(max-width: 768px) 100vw, 768px\" \/>\t\t\t\t<\/a>\n\t\t\t\t\t\t\t<a href=\"#\" data-mfp-src=\"https:\/\/williamkorso.com\/wp-content\/uploads\/2021\/08\/PUIFORCAT-8.jpg\" class=\"ha-justified-grid__item ha-js-lightbox __fltr-1\" title=\"\">\n\t\t\t\t\t<img width=\"482\" height=\"680\" src=\"https:\/\/williamkorso.com\/wp-content\/uploads\/2021\/08\/PUIFORCAT-8.jpg\" class=\"elementor-animation-grow\" alt=\"\" loading=\"lazy\" srcset=\"https:\/\/williamkorso.com\/wp-content\/uploads\/2021\/08\/PUIFORCAT-8.jpg 482w, https:\/\/williamkorso.com\/wp-content\/uploads\/2021\/08\/PUIFORCAT-8-213x300.jpg 213w\" sizes=\"(max-width: 482px) 100vw, 482px\" \/>\t\t\t\t<\/a>\n\t\t\t\t\t\t\t<a href=\"#\" data-mfp-src=\"https:\/\/williamkorso.com\/wp-content\/uploads\/2021\/08\/VITRINE-1.jpg\" class=\"ha-justified-grid__item ha-js-lightbox __fltr-1\" title=\"\">\n\t\t\t\t\t<img width=\"541\" height=\"960\" src=\"https:\/\/williamkorso.com\/wp-content\/uploads\/2021\/08\/VITRINE-1.jpg\" class=\"elementor-animation-grow\" alt=\"\" loading=\"lazy\" srcset=\"https:\/\/williamkorso.com\/wp-content\/uploads\/2021\/08\/VITRINE-1.jpg 541w, https:\/\/williamkorso.com\/wp-content\/uploads\/2021\/08\/VITRINE-1-169x300.jpg 169w\" sizes=\"(max-width: 541px) 100vw, 541px\" \/>\t\t\t\t<\/a>\n\t\t\t\t\t\t\t<a href=\"#\" data-mfp-src=\"https:\/\/williamkorso.com\/wp-content\/uploads\/2021\/08\/VITRINE-5.jpg\" class=\"ha-justified-grid__item ha-js-lightbox __fltr-1\" title=\"\">\n\t\t\t\t\t<img width=\"768\" height=\"893\" src=\"https:\/\/williamkorso.com\/wp-content\/uploads\/2021\/08\/VITRINE-5-768x893.jpg\" class=\"elementor-animation-grow\" alt=\"\" loading=\"lazy\" srcset=\"https:\/\/williamkorso.com\/wp-content\/uploads\/2021\/08\/VITRINE-5-768x893.jpg 768w, https:\/\/williamkorso.com\/wp-content\/uploads\/2021\/08\/VITRINE-5-258x300.jpg 258w, https:\/\/williamkorso.com\/wp-content\/uploads\/2021\/08\/VITRINE-5.jpg 826w\" sizes=\"(max-width: 768px) 100vw, 768px\" \/>\t\t\t\t<\/a>\n\t\t\t\t\t\t\t<a href=\"#\" data-mfp-src=\"https:\/\/williamkorso.com\/wp-content\/uploads\/2021\/08\/VITRINE-7-768x1024.jpg\" class=\"ha-justified-grid__item ha-js-lightbox __fltr-1\" title=\"\">\n\t\t\t\t\t<img width=\"768\" height=\"1024\" src=\"https:\/\/williamkorso.com\/wp-content\/uploads\/2021\/08\/VITRINE-7-768x1024.jpg\" class=\"elementor-animation-grow\" alt=\"\" loading=\"lazy\" srcset=\"https:\/\/williamkorso.com\/wp-content\/uploads\/2021\/08\/VITRINE-7-768x1024.jpg 768w, https:\/\/williamkorso.com\/wp-content\/uploads\/2021\/08\/VITRINE-7-225x300.jpg 225w, https:\/\/williamkorso.com\/wp-content\/uploads\/2021\/08\/VITRINE-7-1152x1536.jpg 1152w, https:\/\/williamkorso.com\/wp-content\/uploads\/2021\/08\/VITRINE-7-1536x2048.jpg 1536w, https:\/\/williamkorso.com\/wp-content\/uploads\/2021\/08\/VITRINE-7-scaled.jpg 1920w\" sizes=\"(max-width: 768px) 100vw, 768px\" \/>\t\t\t\t<\/a>\n\t\t\t\t\t\t\t<a href=\"#\" data-mfp-src=\"https:\/\/williamkorso.com\/wp-content\/uploads\/2021\/08\/VITRINE-8-1024x768.jpg\" class=\"ha-justified-grid__item ha-js-lightbox __fltr-1\" title=\"\">\n\t\t\t\t\t<img width=\"768\" height=\"576\" src=\"https:\/\/williamkorso.com\/wp-content\/uploads\/2021\/08\/VITRINE-8-768x576.jpg\" class=\"elementor-animation-grow\" alt=\"\" loading=\"lazy\" srcset=\"https:\/\/williamkorso.com\/wp-content\/uploads\/2021\/08\/VITRINE-8-768x576.jpg 768w, https:\/\/williamkorso.com\/wp-content\/uploads\/2021\/08\/VITRINE-8-300x225.jpg 300w, https:\/\/williamkorso.com\/wp-content\/uploads\/2021\/08\/VITRINE-8-1024x768.jpg 1024w, https:\/\/williamkorso.com\/wp-content\/uploads\/2021\/08\/VITRINE-8-1536x1152.jpg 1536w, https:\/\/williamkorso.com\/wp-content\/uploads\/2021\/08\/VITRINE-8.jpg 1600w\" sizes=\"(max-width: 768px) 100vw, 768px\" \/>\t\t\t\t<\/a>\n\t\t\t\t\t\t\t<a href=\"#\" data-mfp-src=\"https:\/\/williamkorso.com\/wp-content\/uploads\/2021\/08\/luna-y-gitano-LOEWE.jpg\" class=\"ha-justified-grid__item ha-js-lightbox __fltr-1\" title=\"\">\n\t\t\t\t\t<img width=\"768\" height=\"654\" src=\"https:\/\/williamkorso.com\/wp-content\/uploads\/2021\/08\/luna-y-gitano-LOEWE-768x654.jpg\" class=\"elementor-animation-grow\" alt=\"\" loading=\"lazy\" srcset=\"https:\/\/williamkorso.com\/wp-content\/uploads\/2021\/08\/luna-y-gitano-LOEWE-768x654.jpg 768w, https:\/\/williamkorso.com\/wp-content\/uploads\/2021\/08\/luna-y-gitano-LOEWE-300x256.jpg 300w, https:\/\/williamkorso.com\/wp-content\/uploads\/2021\/08\/luna-y-gitano-LOEWE.jpg 770w\" sizes=\"(max-width: 768px) 100vw, 768px\" \/>\t\t\t\t<\/a>\n\t\t\t\t\t<\/div>\n\n\t\t\t\t<\/div>\n\t\t\t\t<\/div>\n\t\t\t\t<div class=\"elementor-element elementor-element-eeaa7af elementor-widget elementor-widget-text-editor\" data-id=\"eeaa7af\" data-element_type=\"widget\" data-widget_type=\"text-editor.default\">\n\t\t\t\t<div class=\"elementor-widget-container\">\n\t\t\t\t\t\t\t<p>Les vitrines sont les yeux de la Ville. Elles sont partout autour de nous\u00a0: de la Boulangerie au Joaillier, du maroquinier au fleuriste, de l\u2019\u00e9picier au couturier\u2026. Elles refl\u00e8tent l\u2019\u00e9nergie ambiante, l\u2019\u00e2me d\u2019un quartier. Et pourtant une \u00e9tude r\u00e9cente r\u00e9v\u00e8le qu\u2019un passant ne s\u2019attardera devant une vitrine qu\u2019en moyenne 8 secondes, \u00e0 condition que celle-ci attire son attention.<\/p><p><br \/>William con\u00e7oit ses \u00ab\u00a0niches \u00e0 r\u00eaves\u00a0\u00bb dans cette id\u00e9e que chaque sc\u00e9nographie est un instant fondamentalement \u00e9ph\u00e9m\u00e8re, fugace qui extraie pendant quelques secondes le curieux de son quotidien. Le message doit \u00eatre clair, puissant et inattendu.<\/p><p><span id=\"more-77\"><\/span><br \/>Il se voit confier la sc\u00e9nographie des \u00e9v\u00e9nementiels et des vitrines de grands groupes d\u00e9di\u00e9s \u00e0 l\u2019industrie de Luxe (Herm\u00e8s, Chanel, Loewe, Ashida, Armani, Gianfranco Ferr\u00e9, Ferragamo, D&amp;G, Mauboussin, Saint-Louis, el Corte Ingles, etc.). Ses d\u00e9cors \u00e9ph\u00e9m\u00e8res marquent les esprits \u00e0 Paris, New-York, Londres, Tokyo, Madrid, Milan etc\u2026par son fantastique et sa forte th\u00e9\u00e2tralisation.<\/p>\t\t\t\t\t\t<\/div>\n\t\t\t\t<\/div>\n\t\t\t\t\t<\/div>\n\t\t<\/div>\n\t\t\t\t\t\t\t<\/div>\n\t\t<\/section>\n\t\t\t\t\t\t<\/div>\n\t\t\t\t\t<\/div>\n\t\t","protected":false},"excerpt":{"rendered":"<p>Sc\u00e9nographie Les vitrines sont les yeux de la Ville. Elles sont partout autour de nous\u00a0: de la Boulangerie au Joaillier, du maroquinier au fleuriste, de l\u2019\u00e9picier au couturier\u2026. Elles refl\u00e8tent l\u2019\u00e9nergie ambiante, l\u2019\u00e2me d\u2019un quartier. Et pourtant une \u00e9tude r\u00e9cente r\u00e9v\u00e8le qu\u2019un passant ne s\u2019attardera devant une vitrine qu\u2019en moyenne 8 secondes, \u00e0 condition que [&hellip;]<\/p>\n","protected":false},"author":1,"featured_media":0,"parent":0,"menu_order":0,"comment_status":"closed","ping_status":"closed","template":"elementor_header_footer","meta":[],"_links":{"self":[{"href":"https:\/\/williamkorso.com\/index.php\/wp-json\/wp\/v2\/pages\/172"}],"collection":[{"href":"https:\/\/williamkorso.com\/index.php\/wp-json\/wp\/v2\/pages"}],"about":[{"href":"https:\/\/williamkorso.com\/index.php\/wp-json\/wp\/v2\/types\/page"}],"author":[{"embeddable":true,"href":"https:\/\/williamkorso.com\/index.php\/wp-json\/wp\/v2\/users\/1"}],"replies":[{"embeddable":true,"href":"https:\/\/williamkorso.com\/index.php\/wp-json\/wp\/v2\/comments?post=172"}],"version-history":[{"count":23,"href":"https:\/\/williamkorso.com\/index.php\/wp-json\/wp\/v2\/pages\/172\/revisions"}],"predecessor-version":[{"id":499,"href":"https:\/\/williamkorso.com\/index.php\/wp-json\/wp\/v2\/pages\/172\/revisions\/499"}],"wp:attachment":[{"href":"https:\/\/williamkorso.com\/index.php\/wp-json\/wp\/v2\/media?parent=172"}],"curies":[{"name":"wp","href":"https:\/\/api.w.org\/{rel}","templated":true}]}}